{"id":15,"date":"2023-03-20T00:14:21","date_gmt":"2023-03-19T23:14:20","guid":{"rendered":"https:\/\/www.fluxguide.com\/jobs\/"},"modified":"2026-01-09T13:09:38","modified_gmt":"2026-01-09T12:09:38","slug":"jobs","status":"publish","type":"page","link":"https:\/\/www.fluxguide.com\/en\/jobs\/","title":{"rendered":"Jobs"},"content":{"rendered":"","protected":false},"excerpt":{"rendered":"","protected":false},"author":1,"featured_media":2203,"parent":0,"menu_order":8,"comment_status":"closed","ping_status":"closed","template":"page-templates\/jobs.php","meta":{"_acf_changed":false,"inline_featured_image":false,"footnotes":""},"categories":[],"tags":[100,119,181,182,183,184,185,186,187,188,23],"class_list":["post-15","page","type-page","status-publish","has-post-thumbnail","hentry","tag-app-development","tag-innovation-fuer-museen","tag-web-developer","tag-projectmanager","tag-ux-design","tag-app-developer","tag-digitalwirtschaft","tag-hybrides-arbeiten","tag-kultursektor","tag-initiativbewerbung","tag-wien"],"acf":[],"yoast_head":"<!-- This site is optimized with the Yoast SEO plugin v27.1.1 - https:\/\/yoast.com\/product\/yoast-seo-wordpress\/ -->\n<title>Jobs &#8212; Fluxguide<\/title>\n<meta name=\"description\" content=\"Leidenschaft f\u00fcr Kreativit\u00e4t, Technologie und Bildung? Bei fluxguide findest du den richtigen Ort, wo Ideen gesch\u00e4tzt werden. Schlie\u00dfe dich einem erfahrenen Team an und gestalte die Zukunft der digitalen Wissensvermittlung mit.\" \/>\n<meta name=\"robots\" content=\"index, follow, max-snippet:-1, max-image-preview:large, max-video-preview:-1\" \/>\n<link rel=\"canonical\" href=\"https:\/\/www.fluxguide.com\/en\/jobs\/\" \/>\n<meta property=\"og:locale\" content=\"en_US\" \/>\n<meta property=\"og:type\" content=\"article\" \/>\n<meta property=\"og:title\" content=\"Jobs &#8212; Fluxguide\" \/>\n<meta property=\"og:description\" content=\"Leidenschaft f\u00fcr Kreativit\u00e4t, Technologie und Bildung? Bei fluxguide findest du den richtigen Ort, wo Ideen gesch\u00e4tzt werden. Schlie\u00dfe dich einem erfahrenen Team an und gestalte die Zukunft der digitalen Wissensvermittlung mit.\" \/>\n<meta property=\"og:url\" content=\"https:\/\/www.fluxguide.com\/en\/jobs\/\" \/>\n<meta property=\"og:site_name\" content=\"Fluxguide\" \/>\n<meta property=\"article:publisher\" content=\"https:\/\/www.facebook.com\/fluxguide\" \/>\n<meta property=\"article:modified_time\" content=\"2026-01-09T12:09:38+00:00\" \/>\n<meta property=\"og:image\" content=\"https:\/\/www.fluxguide.com\/wp-content\/uploads\/Innen_Buero_Fluxguide-1.jpg\" \/>\n\t<meta property=\"og:image:width\" content=\"1920\" \/>\n\t<meta property=\"og:image:height\" content=\"1920\" \/>\n\t<meta property=\"og:image:type\" content=\"image\/jpeg\" \/>\n<meta name=\"twitter:card\" content=\"summary_large_image\" \/>\n<meta name=\"twitter:site\" content=\"@fluxguide\" \/>\n<script type=\"application\/ld+json\" class=\"yoast-schema-graph\">{\"@context\":\"https:\/\/schema.org\",\"@graph\":[{\"@type\":\"WebPage\",\"@id\":\"https:\/\/www.fluxguide.com\/en\/jobs\/\",\"url\":\"https:\/\/www.fluxguide.com\/en\/jobs\/\",\"name\":\"Jobs &#8212; Fluxguide\",\"isPartOf\":{\"@id\":\"https:\/\/www.fluxguide.com\/en\/#website\"},\"primaryImageOfPage\":{\"@id\":\"https:\/\/www.fluxguide.com\/en\/jobs\/#primaryimage\"},\"image\":{\"@id\":\"https:\/\/www.fluxguide.com\/jobs\/#primaryimage\"},\"thumbnailUrl\":\"https:\/\/www.fluxguide.com\/wp-content\/uploads\/Innen_Buero_Fluxguide-1.jpg\",\"datePublished\":\"2023-03-19T23:14:20+00:00\",\"dateModified\":\"2026-01-09T12:09:38+00:00\",\"description\":\"Leidenschaft f\u00fcr Kreativit\u00e4t, Technologie und Bildung? Bei fluxguide findest du den richtigen Ort, wo Ideen gesch\u00e4tzt werden. Schlie\u00dfe dich einem erfahrenen Team an und gestalte die Zukunft der digitalen Wissensvermittlung mit.\",\"breadcrumb\":{\"@id\":\"https:\/\/www.fluxguide.com\/en\/jobs\/#breadcrumb\"},\"inLanguage\":\"en-US\",\"potentialAction\":[{\"@type\":\"ReadAction\",\"target\":[[\"https:\/\/www.fluxguide.com\/en\/jobs\/\"]]}]},{\"@type\":\"ImageObject\",\"inLanguage\":\"en-US\",\"@id\":\"https:\/\/www.fluxguide.com\/en\/jobs\/#primaryimage\",\"url\":\"https:\/\/www.fluxguide.com\/wp-content\/uploads\/Innen_Buero_Fluxguide-1.jpg\",\"contentUrl\":\"https:\/\/www.fluxguide.com\/wp-content\/uploads\/Innen_Buero_Fluxguide-1.jpg\",\"width\":1920,\"height\":1920},{\"@type\":\"BreadcrumbList\",\"@id\":\"https:\/\/www.fluxguide.com\/en\/jobs\/#breadcrumb\",\"itemListElement\":[{\"@type\":\"ListItem\",\"position\":1,\"name\":\"Startseite\",\"item\":\"https:\/\/www.fluxguide.com\/en\/\"},{\"@type\":\"ListItem\",\"position\":2,\"name\":\"Jobs\"}]},{\"@type\":\"WebSite\",\"@id\":\"https:\/\/www.fluxguide.com\/en\/#website\",\"url\":\"https:\/\/www.fluxguide.com\/en\/\",\"name\":\"Fluxguide\",\"description\":\"Ausstellungssysteme\",\"publisher\":{\"@id\":\"https:\/\/www.fluxguide.com\/en\/#organization\"},\"potentialAction\":[{\"@type\":\"SearchAction\",\"target\":{\"@type\":\"EntryPoint\",\"urlTemplate\":\"https:\/\/www.fluxguide.com\/en\/?s={search_term_string}\"},\"query-input\":{\"@type\":\"PropertyValueSpecification\",\"valueRequired\":true,\"valueName\":\"search_term_string\"}}],\"inLanguage\":\"en-US\"},{\"@type\":\"Organization\",\"@id\":\"https:\/\/www.fluxguide.com\/en\/#organization\",\"name\":\"Fluxguide\",\"url\":\"https:\/\/www.fluxguide.com\/en\/\",\"logo\":{\"@type\":\"ImageObject\",\"inLanguage\":\"en-US\",\"@id\":\"https:\/\/www.fluxguide.com\/en\/#\/schema\/logo\/image\/\",\"url\":\"https:\/\/www.fluxguide.com\/wp-content\/uploads\/logo.svg\",\"contentUrl\":\"https:\/\/www.fluxguide.com\/wp-content\/uploads\/logo.svg\",\"width\":\"1024\",\"height\":\"1024\",\"caption\":\"Fluxguide\"},\"image\":{\"@id\":\"https:\/\/www.fluxguide.com\/en\/#\/schema\/logo\/image\/\"},\"sameAs\":[\"https:\/\/www.facebook.com\/fluxguide\",\"https:\/\/x.com\/fluxguide\",\"https:\/\/www.instagram.com\/fluxguide_vienna\/\",\"https:\/\/www.youtube.com\/channel\/UC8Vx1uEhbaC_-LCl0tTBTOw\",\"https:\/\/www.linkedin.com\/company\/fluxguide\/\"]}]}<\/script>\n<!-- \/ Yoast SEO plugin. -->","yoast_head_json":{"title":"Jobs &#8212; Fluxguide","description":"Leidenschaft f\u00fcr Kreativit\u00e4t, Technologie und Bildung? Bei fluxguide findest du den richtigen Ort, wo Ideen gesch\u00e4tzt werden. Schlie\u00dfe dich einem erfahrenen Team an und gestalte die Zukunft der digitalen Wissensvermittlung mit.","robots":{"index":"index","follow":"follow","max-snippet":"max-snippet:-1","max-image-preview":"max-image-preview:large","max-video-preview":"max-video-preview:-1"},"canonical":"https:\/\/www.fluxguide.com\/en\/jobs\/","og_locale":"en_US","og_type":"article","og_title":"Jobs &#8212; Fluxguide","og_description":"Leidenschaft f\u00fcr Kreativit\u00e4t, Technologie und Bildung? Bei fluxguide findest du den richtigen Ort, wo Ideen gesch\u00e4tzt werden. Schlie\u00dfe dich einem erfahrenen Team an und gestalte die Zukunft der digitalen Wissensvermittlung mit.","og_url":"https:\/\/www.fluxguide.com\/en\/jobs\/","og_site_name":"Fluxguide","article_publisher":"https:\/\/www.facebook.com\/fluxguide","article_modified_time":"2026-01-09T12:09:38+00:00","og_image":[{"width":1920,"height":1920,"url":"https:\/\/www.fluxguide.com\/wp-content\/uploads\/Innen_Buero_Fluxguide-1.jpg","type":"image\/jpeg"}],"twitter_card":"summary_large_image","twitter_site":"@fluxguide","schema":{"@context":"https:\/\/schema.org","@graph":[{"@type":"WebPage","@id":"https:\/\/www.fluxguide.com\/en\/jobs\/","url":"https:\/\/www.fluxguide.com\/en\/jobs\/","name":"Jobs &#8212; Fluxguide","isPartOf":{"@id":"https:\/\/www.fluxguide.com\/en\/#website"},"primaryImageOfPage":{"@id":"https:\/\/www.fluxguide.com\/en\/jobs\/#primaryimage"},"image":{"@id":"https:\/\/www.fluxguide.com\/jobs\/#primaryimage"},"thumbnailUrl":"https:\/\/www.fluxguide.com\/wp-content\/uploads\/Innen_Buero_Fluxguide-1.jpg","datePublished":"2023-03-19T23:14:20+00:00","dateModified":"2026-01-09T12:09:38+00:00","description":"Leidenschaft f\u00fcr Kreativit\u00e4t, Technologie und Bildung? Bei fluxguide findest du den richtigen Ort, wo Ideen gesch\u00e4tzt werden. Schlie\u00dfe dich einem erfahrenen Team an und gestalte die Zukunft der digitalen Wissensvermittlung mit.","breadcrumb":{"@id":"https:\/\/www.fluxguide.com\/en\/jobs\/#breadcrumb"},"inLanguage":"en-US","potentialAction":[{"@type":"ReadAction","target":[["https:\/\/www.fluxguide.com\/en\/jobs\/"]]}]},{"@type":"ImageObject","inLanguage":"en-US","@id":"https:\/\/www.fluxguide.com\/en\/jobs\/#primaryimage","url":"https:\/\/www.fluxguide.com\/wp-content\/uploads\/Innen_Buero_Fluxguide-1.jpg","contentUrl":"https:\/\/www.fluxguide.com\/wp-content\/uploads\/Innen_Buero_Fluxguide-1.jpg","width":1920,"height":1920},{"@type":"BreadcrumbList","@id":"https:\/\/www.fluxguide.com\/en\/jobs\/#breadcrumb","itemListElement":[{"@type":"ListItem","position":1,"name":"Startseite","item":"https:\/\/www.fluxguide.com\/en\/"},{"@type":"ListItem","position":2,"name":"Jobs"}]},{"@type":"WebSite","@id":"https:\/\/www.fluxguide.com\/en\/#website","url":"https:\/\/www.fluxguide.com\/en\/","name":"Fluxguide","description":"Ausstellungssysteme","publisher":{"@id":"https:\/\/www.fluxguide.com\/en\/#organization"},"potentialAction":[{"@type":"SearchAction","target":{"@type":"EntryPoint","urlTemplate":"https:\/\/www.fluxguide.com\/en\/?s={search_term_string}"},"query-input":{"@type":"PropertyValueSpecification","valueRequired":true,"valueName":"search_term_string"}}],"inLanguage":"en-US"},{"@type":"Organization","@id":"https:\/\/www.fluxguide.com\/en\/#organization","name":"Fluxguide","url":"https:\/\/www.fluxguide.com\/en\/","logo":{"@type":"ImageObject","inLanguage":"en-US","@id":"https:\/\/www.fluxguide.com\/en\/#\/schema\/logo\/image\/","url":"https:\/\/www.fluxguide.com\/wp-content\/uploads\/logo.svg","contentUrl":"https:\/\/www.fluxguide.com\/wp-content\/uploads\/logo.svg","width":"1024","height":"1024","caption":"Fluxguide"},"image":{"@id":"https:\/\/www.fluxguide.com\/en\/#\/schema\/logo\/image\/"},"sameAs":["https:\/\/www.facebook.com\/fluxguide","https:\/\/x.com\/fluxguide","https:\/\/www.instagram.com\/fluxguide_vienna\/","https:\/\/www.youtube.com\/channel\/UC8Vx1uEhbaC_-LCl0tTBTOw","https:\/\/www.linkedin.com\/company\/fluxguide\/"]}]}},"_links":{"self":[{"href":"https:\/\/www.fluxguide.com\/en\/wp-json\/wp\/v2\/pages\/15","targetHints":{"allow":["GET"]}}],"collection":[{"href":"https:\/\/www.fluxguide.com\/en\/wp-json\/wp\/v2\/pages"}],"about":[{"href":"https:\/\/www.fluxguide.com\/en\/wp-json\/wp\/v2\/types\/page"}],"author":[{"embeddable":true,"href":"https:\/\/www.fluxguide.com\/en\/wp-json\/wp\/v2\/users\/1"}],"replies":[{"embeddable":true,"href":"https:\/\/www.fluxguide.com\/en\/wp-json\/wp\/v2\/comments?post=15"}],"version-history":[{"count":195,"href":"https:\/\/www.fluxguide.com\/en\/wp-json\/wp\/v2\/pages\/15\/revisions"}],"predecessor-version":[{"id":7619,"href":"https:\/\/www.fluxguide.com\/en\/wp-json\/wp\/v2\/pages\/15\/revisions\/7619"}],"wp:featuredmedia":[{"embeddable":true,"href":"https:\/\/www.fluxguide.com\/en\/wp-json\/wp\/v2\/media\/2203"}],"wp:attachment":[{"href":"https:\/\/www.fluxguide.com\/en\/wp-json\/wp\/v2\/media?parent=15"}],"wp:term":[{"taxonomy":"category","embeddable":true,"href":"https:\/\/www.fluxguide.com\/en\/wp-json\/wp\/v2\/categories?post=15"},{"taxonomy":"post_tag","embeddable":true,"href":"https:\/\/www.fluxguide.com\/en\/wp-json\/wp\/v2\/tags?post=15"}],"curies":[{"name":"wp","href":"https:\/\/api.w.org\/{rel}","templated":true}]}}