{"id":3092,"date":"2023-11-28T13:24:21","date_gmt":"2023-11-28T12:24:37","guid":{"rendered":"https:\/\/www.fluxguide.com\/?page_id=3092"},"modified":"2026-01-30T12:10:21","modified_gmt":"2026-01-30T11:10:21","slug":"schloesser-burgen-muensterland","status":"publish","type":"page","link":"https:\/\/www.fluxguide.com\/en\/projects\/schloesser-burgen-muensterland\/","title":{"rendered":"Castles &#038; Palaces M\u00fcnsterland"},"content":{"rendered":"","protected":false},"excerpt":{"rendered":"","protected":false},"author":3,"featured_media":3142,"parent":7,"menu_order":35,"comment_status":"closed","ping_status":"closed","template":"page-templates\/projekt-detail.php","meta":{"_acf_changed":false,"inline_featured_image":false,"footnotes":""},"categories":[16,19,14,6],"tags":[161,162,163],"class_list":["post-3092","page","type-page","status-publish","has-post-thumbnail","hentry","category-outdoor","category-multi-venue","category-augmented-reality","category-tourismus","tag-tourismus-app","tag-muesterland","tag-guiding-app"],"acf":[],"yoast_head":"<!-- This site is optimized with the Yoast SEO plugin v27.1.1 - https:\/\/yoast.com\/product\/yoast-seo-wordpress\/ -->\n<title>Castles &amp; Palaces M\u00fcnsterland &#8212; Fluxguide<\/title>\n<meta name=\"description\" content=\"Entdecken Sie den digitalen Guide f\u00fcr Schl\u00f6sser und Burgen im M\u00fcnsterland: Interaktive Touren f\u00fcr eine moderne Besucherf\u00fchrung. Jetzt downloaden.\" \/>\n<meta name=\"robots\" content=\"index, follow, max-snippet:-1, max-image-preview:large, max-video-preview:-1\" \/>\n<link rel=\"canonical\" href=\"https:\/\/www.fluxguide.com\/en\/projekte\/schloesser-burgen-muensterland\/\" \/>\n<meta property=\"og:locale\" content=\"en_US\" \/>\n<meta property=\"og:type\" content=\"article\" \/>\n<meta property=\"og:title\" content=\"Castles &amp; Palaces M\u00fcnsterland &#8212; Fluxguide\" \/>\n<meta property=\"og:description\" content=\"Entdecken Sie den digitalen Guide f\u00fcr Schl\u00f6sser und Burgen im M\u00fcnsterland: Interaktive Touren f\u00fcr eine moderne Besucherf\u00fchrung. Jetzt downloaden.\" \/>\n<meta property=\"og:url\" content=\"https:\/\/www.fluxguide.com\/en\/projekte\/schloesser-burgen-muensterland\/\" \/>\n<meta property=\"og:site_name\" content=\"Fluxguide\" \/>\n<meta property=\"article:publisher\" content=\"https:\/\/www.facebook.com\/fluxguide\" \/>\n<meta property=\"article:modified_time\" content=\"2026-01-30T11:10:21+00:00\" \/>\n<meta property=\"og:image\" content=\"https:\/\/www.fluxguide.com\/wp-content\/uploads\/Kim_Burg_Vischering_c-MEV_Philipp-Foelting.jpg\" \/>\n\t<meta property=\"og:image:width\" content=\"1920\" \/>\n\t<meta property=\"og:image:height\" content=\"1281\" \/>\n\t<meta property=\"og:image:type\" content=\"image\/jpeg\" \/>\n<meta name=\"twitter:card\" content=\"summary_large_image\" \/>\n<meta name=\"twitter:site\" content=\"@fluxguide\" \/>\n<script type=\"application\/ld+json\" class=\"yoast-schema-graph\">{\"@context\":\"https:\/\/schema.org\",\"@graph\":[{\"@type\":\"WebPage\",\"@id\":\"https:\/\/www.fluxguide.com\/en\/projekte\/schloesser-burgen-muensterland\/\",\"url\":\"https:\/\/www.fluxguide.com\/en\/projekte\/schloesser-burgen-muensterland\/\",\"name\":\"Castles & Palaces M\u00fcnsterland &#8212; Fluxguide\",\"isPartOf\":{\"@id\":\"https:\/\/www.fluxguide.com\/en\/#website\"},\"primaryImageOfPage\":{\"@id\":\"https:\/\/www.fluxguide.com\/en\/projekte\/schloesser-burgen-muensterland\/#primaryimage\"},\"image\":{\"@id\":\"https:\/\/www.fluxguide.com\/projekte\/schloesser-burgen-muensterland\/#primaryimage\"},\"thumbnailUrl\":\"https:\/\/www.fluxguide.com\/wp-content\/uploads\/Kim_Burg_Vischering_c-MEV_Philipp-Foelting.jpg\",\"datePublished\":\"2023-11-28T12:24:37+00:00\",\"dateModified\":\"2026-01-30T11:10:21+00:00\",\"description\":\"Entdecken Sie den digitalen Guide f\u00fcr Schl\u00f6sser und Burgen im M\u00fcnsterland: Interaktive Touren f\u00fcr eine moderne Besucherf\u00fchrung. Jetzt downloaden.\",\"breadcrumb\":{\"@id\":\"https:\/\/www.fluxguide.com\/en\/projekte\/schloesser-burgen-muensterland\/#breadcrumb\"},\"inLanguage\":\"en-US\",\"potentialAction\":[{\"@type\":\"ReadAction\",\"target\":[[\"https:\/\/www.fluxguide.com\/en\/projekte\/schloesser-burgen-muensterland\/\"]]}]},{\"@type\":\"ImageObject\",\"inLanguage\":\"en-US\",\"@id\":\"https:\/\/www.fluxguide.com\/en\/projekte\/schloesser-burgen-muensterland\/#primaryimage\",\"url\":\"https:\/\/www.fluxguide.com\/wp-content\/uploads\/Kim_Burg_Vischering_c-MEV_Philipp-Foelting.jpg\",\"contentUrl\":\"https:\/\/www.fluxguide.com\/wp-content\/uploads\/Kim_Burg_Vischering_c-MEV_Philipp-Foelting.jpg\",\"width\":1920,\"height\":1281,\"caption\":\"Copyright: Philipp Foelting\"},{\"@type\":\"BreadcrumbList\",\"@id\":\"https:\/\/www.fluxguide.com\/en\/projekte\/schloesser-burgen-muensterland\/#breadcrumb\",\"itemListElement\":[{\"@type\":\"ListItem\",\"position\":1,\"name\":\"Startseite\",\"item\":\"https:\/\/www.fluxguide.com\/en\/\"},{\"@type\":\"ListItem\",\"position\":2,\"name\":\"Projekte\",\"item\":\"https:\/\/www.fluxguide.com\/en\/projekte\/\"},{\"@type\":\"ListItem\",\"position\":3,\"name\":\"Schl\u00f6sser &#038; Burgen M\u00fcnsterland\"}]},{\"@type\":\"WebSite\",\"@id\":\"https:\/\/www.fluxguide.com\/en\/#website\",\"url\":\"https:\/\/www.fluxguide.com\/en\/\",\"name\":\"Fluxguide\",\"description\":\"Ausstellungssysteme\",\"publisher\":{\"@id\":\"https:\/\/www.fluxguide.com\/en\/#organization\"},\"potentialAction\":[{\"@type\":\"SearchAction\",\"target\":{\"@type\":\"EntryPoint\",\"urlTemplate\":\"https:\/\/www.fluxguide.com\/en\/?s={search_term_string}\"},\"query-input\":{\"@type\":\"PropertyValueSpecification\",\"valueRequired\":true,\"valueName\":\"search_term_string\"}}],\"inLanguage\":\"en-US\"},{\"@type\":\"Organization\",\"@id\":\"https:\/\/www.fluxguide.com\/en\/#organization\",\"name\":\"Fluxguide\",\"url\":\"https:\/\/www.fluxguide.com\/en\/\",\"logo\":{\"@type\":\"ImageObject\",\"inLanguage\":\"en-US\",\"@id\":\"https:\/\/www.fluxguide.com\/en\/#\/schema\/logo\/image\/\",\"url\":\"https:\/\/www.fluxguide.com\/wp-content\/uploads\/logo.svg\",\"contentUrl\":\"https:\/\/www.fluxguide.com\/wp-content\/uploads\/logo.svg\",\"width\":\"1024\",\"height\":\"1024\",\"caption\":\"Fluxguide\"},\"image\":{\"@id\":\"https:\/\/www.fluxguide.com\/en\/#\/schema\/logo\/image\/\"},\"sameAs\":[\"https:\/\/www.facebook.com\/fluxguide\",\"https:\/\/x.com\/fluxguide\",\"https:\/\/www.instagram.com\/fluxguide_vienna\/\",\"https:\/\/www.youtube.com\/channel\/UC8Vx1uEhbaC_-LCl0tTBTOw\",\"https:\/\/www.linkedin.com\/company\/fluxguide\/\"]}]}<\/script>\n<!-- \/ Yoast SEO plugin. -->","yoast_head_json":{"title":"Castles & Palaces M\u00fcnsterland &#8212; Fluxguide","description":"Entdecken Sie den digitalen Guide f\u00fcr Schl\u00f6sser und Burgen im M\u00fcnsterland: Interaktive Touren f\u00fcr eine moderne Besucherf\u00fchrung. Jetzt downloaden.","robots":{"index":"index","follow":"follow","max-snippet":"max-snippet:-1","max-image-preview":"max-image-preview:large","max-video-preview":"max-video-preview:-1"},"canonical":"https:\/\/www.fluxguide.com\/en\/projekte\/schloesser-burgen-muensterland\/","og_locale":"en_US","og_type":"article","og_title":"Castles & Palaces M\u00fcnsterland &#8212; Fluxguide","og_description":"Entdecken Sie den digitalen Guide f\u00fcr Schl\u00f6sser und Burgen im M\u00fcnsterland: Interaktive Touren f\u00fcr eine moderne Besucherf\u00fchrung. Jetzt downloaden.","og_url":"https:\/\/www.fluxguide.com\/en\/projekte\/schloesser-burgen-muensterland\/","og_site_name":"Fluxguide","article_publisher":"https:\/\/www.facebook.com\/fluxguide","article_modified_time":"2026-01-30T11:10:21+00:00","og_image":[{"width":1920,"height":1281,"url":"https:\/\/www.fluxguide.com\/wp-content\/uploads\/Kim_Burg_Vischering_c-MEV_Philipp-Foelting.jpg","type":"image\/jpeg"}],"twitter_card":"summary_large_image","twitter_site":"@fluxguide","schema":{"@context":"https:\/\/schema.org","@graph":[{"@type":"WebPage","@id":"https:\/\/www.fluxguide.com\/en\/projekte\/schloesser-burgen-muensterland\/","url":"https:\/\/www.fluxguide.com\/en\/projekte\/schloesser-burgen-muensterland\/","name":"Castles & Palaces M\u00fcnsterland &#8212; Fluxguide","isPartOf":{"@id":"https:\/\/www.fluxguide.com\/en\/#website"},"primaryImageOfPage":{"@id":"https:\/\/www.fluxguide.com\/en\/projekte\/schloesser-burgen-muensterland\/#primaryimage"},"image":{"@id":"https:\/\/www.fluxguide.com\/projekte\/schloesser-burgen-muensterland\/#primaryimage"},"thumbnailUrl":"https:\/\/www.fluxguide.com\/wp-content\/uploads\/Kim_Burg_Vischering_c-MEV_Philipp-Foelting.jpg","datePublished":"2023-11-28T12:24:37+00:00","dateModified":"2026-01-30T11:10:21+00:00","description":"Entdecken Sie den digitalen Guide f\u00fcr Schl\u00f6sser und Burgen im M\u00fcnsterland: Interaktive Touren f\u00fcr eine moderne Besucherf\u00fchrung. Jetzt downloaden.","breadcrumb":{"@id":"https:\/\/www.fluxguide.com\/en\/projekte\/schloesser-burgen-muensterland\/#breadcrumb"},"inLanguage":"en-US","potentialAction":[{"@type":"ReadAction","target":[["https:\/\/www.fluxguide.com\/en\/projekte\/schloesser-burgen-muensterland\/"]]}]},{"@type":"ImageObject","inLanguage":"en-US","@id":"https:\/\/www.fluxguide.com\/en\/projekte\/schloesser-burgen-muensterland\/#primaryimage","url":"https:\/\/www.fluxguide.com\/wp-content\/uploads\/Kim_Burg_Vischering_c-MEV_Philipp-Foelting.jpg","contentUrl":"https:\/\/www.fluxguide.com\/wp-content\/uploads\/Kim_Burg_Vischering_c-MEV_Philipp-Foelting.jpg","width":1920,"height":1281,"caption":"Copyright: Philipp Foelting"},{"@type":"BreadcrumbList","@id":"https:\/\/www.fluxguide.com\/en\/projekte\/schloesser-burgen-muensterland\/#breadcrumb","itemListElement":[{"@type":"ListItem","position":1,"name":"Startseite","item":"https:\/\/www.fluxguide.com\/en\/"},{"@type":"ListItem","position":2,"name":"Projekte","item":"https:\/\/www.fluxguide.com\/en\/projekte\/"},{"@type":"ListItem","position":3,"name":"Schl\u00f6sser &#038; Burgen M\u00fcnsterland"}]},{"@type":"WebSite","@id":"https:\/\/www.fluxguide.com\/en\/#website","url":"https:\/\/www.fluxguide.com\/en\/","name":"Fluxguide","description":"Ausstellungssysteme","publisher":{"@id":"https:\/\/www.fluxguide.com\/en\/#organization"},"potentialAction":[{"@type":"SearchAction","target":{"@type":"EntryPoint","urlTemplate":"https:\/\/www.fluxguide.com\/en\/?s={search_term_string}"},"query-input":{"@type":"PropertyValueSpecification","valueRequired":true,"valueName":"search_term_string"}}],"inLanguage":"en-US"},{"@type":"Organization","@id":"https:\/\/www.fluxguide.com\/en\/#organization","name":"Fluxguide","url":"https:\/\/www.fluxguide.com\/en\/","logo":{"@type":"ImageObject","inLanguage":"en-US","@id":"https:\/\/www.fluxguide.com\/en\/#\/schema\/logo\/image\/","url":"https:\/\/www.fluxguide.com\/wp-content\/uploads\/logo.svg","contentUrl":"https:\/\/www.fluxguide.com\/wp-content\/uploads\/logo.svg","width":"1024","height":"1024","caption":"Fluxguide"},"image":{"@id":"https:\/\/www.fluxguide.com\/en\/#\/schema\/logo\/image\/"},"sameAs":["https:\/\/www.facebook.com\/fluxguide","https:\/\/x.com\/fluxguide","https:\/\/www.instagram.com\/fluxguide_vienna\/","https:\/\/www.youtube.com\/channel\/UC8Vx1uEhbaC_-LCl0tTBTOw","https:\/\/www.linkedin.com\/company\/fluxguide\/"]}]}},"_links":{"self":[{"href":"https:\/\/www.fluxguide.com\/en\/wp-json\/wp\/v2\/pages\/3092","targetHints":{"allow":["GET"]}}],"collection":[{"href":"https:\/\/www.fluxguide.com\/en\/wp-json\/wp\/v2\/pages"}],"about":[{"href":"https:\/\/www.fluxguide.com\/en\/wp-json\/wp\/v2\/types\/page"}],"author":[{"embeddable":true,"href":"https:\/\/www.fluxguide.com\/en\/wp-json\/wp\/v2\/users\/3"}],"replies":[{"embeddable":true,"href":"https:\/\/www.fluxguide.com\/en\/wp-json\/wp\/v2\/comments?post=3092"}],"version-history":[{"count":35,"href":"https:\/\/www.fluxguide.com\/en\/wp-json\/wp\/v2\/pages\/3092\/revisions"}],"predecessor-version":[{"id":8036,"href":"https:\/\/www.fluxguide.com\/en\/wp-json\/wp\/v2\/pages\/3092\/revisions\/8036"}],"up":[{"embeddable":true,"href":"https:\/\/www.fluxguide.com\/en\/wp-json\/wp\/v2\/pages\/7"}],"wp:featuredmedia":[{"embeddable":true,"href":"https:\/\/www.fluxguide.com\/en\/wp-json\/wp\/v2\/media\/3142"}],"wp:attachment":[{"href":"https:\/\/www.fluxguide.com\/en\/wp-json\/wp\/v2\/media?parent=3092"}],"wp:term":[{"taxonomy":"category","embeddable":true,"href":"https:\/\/www.fluxguide.com\/en\/wp-json\/wp\/v2\/categories?post=3092"},{"taxonomy":"post_tag","embeddable":true,"href":"https:\/\/www.fluxguide.com\/en\/wp-json\/wp\/v2\/tags?post=3092"}],"curies":[{"name":"wp","href":"https:\/\/api.w.org\/{rel}","templated":true}]}}