{"id":3310,"date":"2024-04-26T09:36:33","date_gmt":"2024-04-26T07:36:33","guid":{"rendered":"https:\/\/www.fluxguide.com\/?page_id=3310"},"modified":"2026-01-13T17:48:43","modified_gmt":"2026-01-13T16:48:43","slug":"elternstart","status":"publish","type":"page","link":"https:\/\/www.fluxguide.com\/en\/projects\/elternstart\/","title":{"rendered":"ElternStart!"},"content":{"rendered":"","protected":false},"excerpt":{"rendered":"","protected":false},"author":3,"featured_media":3313,"parent":7,"menu_order":24,"comment_status":"closed","ping_status":"closed","template":"page-templates\/projekt-detail.php","meta":{"_acf_changed":false,"inline_featured_image":false,"footnotes":""},"categories":[1,18],"tags":[27,28,29,30,31],"class_list":["post-3310","page","type-page","status-publish","has-post-thumbnail","hentry","category-highlights","category-mobile-learning","tag-elternschaft","tag-integration","tag-digitale-verwaltung","tag-digitale-behoerde","tag-unterstuetzung-fuer-familien"],"acf":[],"yoast_head":"<!-- This site is optimized with the Yoast SEO plugin v27.1.1 - https:\/\/yoast.com\/product\/yoast-seo-wordpress\/ -->\n<title>ElternStart! &#8212; Fluxguide<\/title>\n<meta name=\"description\" content=\"App f\u00fcr junge Eltern: Alle Infos zu Beh\u00f6rdeng\u00e4ngen, pers\u00f6nliches Profil, automatische Empfehlungen, Elterndiplom und Terminkalender.\" \/>\n<meta name=\"robots\" content=\"index, follow, max-snippet:-1, max-image-preview:large, max-video-preview:-1\" \/>\n<link rel=\"canonical\" href=\"https:\/\/www.fluxguide.com\/en\/projekte\/elternstart\/\" \/>\n<meta property=\"og:locale\" content=\"en_US\" \/>\n<meta property=\"og:type\" content=\"article\" \/>\n<meta property=\"og:title\" content=\"ElternStart! &#8212; Fluxguide\" \/>\n<meta property=\"og:description\" content=\"App f\u00fcr junge Eltern: Alle Infos zu Beh\u00f6rdeng\u00e4ngen, pers\u00f6nliches Profil, automatische Empfehlungen, Elterndiplom und Terminkalender.\" \/>\n<meta property=\"og:url\" content=\"https:\/\/www.fluxguide.com\/en\/projekte\/elternstart\/\" \/>\n<meta property=\"og:site_name\" content=\"Fluxguide\" \/>\n<meta property=\"article:publisher\" content=\"https:\/\/www.facebook.com\/fluxguide\" \/>\n<meta property=\"article:modified_time\" content=\"2026-01-13T16:48:43+00:00\" \/>\n<meta property=\"og:image\" content=\"https:\/\/www.fluxguide.com\/wp-content\/uploads\/pexels-andrea-piacquadio-3820065-scaled.jpg\" \/>\n\t<meta property=\"og:image:width\" content=\"2560\" \/>\n\t<meta property=\"og:image:height\" content=\"1707\" \/>\n\t<meta property=\"og:image:type\" content=\"image\/jpeg\" \/>\n<meta name=\"twitter:card\" content=\"summary_large_image\" \/>\n<meta name=\"twitter:site\" content=\"@fluxguide\" \/>\n<script type=\"application\/ld+json\" class=\"yoast-schema-graph\">{\"@context\":\"https:\/\/schema.org\",\"@graph\":[{\"@type\":\"WebPage\",\"@id\":\"https:\/\/www.fluxguide.com\/en\/projekte\/elternstart\/\",\"url\":\"https:\/\/www.fluxguide.com\/en\/projekte\/elternstart\/\",\"name\":\"ElternStart! &#8212; Fluxguide\",\"isPartOf\":{\"@id\":\"https:\/\/www.fluxguide.com\/en\/#website\"},\"primaryImageOfPage\":{\"@id\":\"https:\/\/www.fluxguide.com\/en\/projekte\/elternstart\/#primaryimage\"},\"image\":{\"@id\":\"https:\/\/www.fluxguide.com\/projekte\/elternstart\/#primaryimage\"},\"thumbnailUrl\":\"https:\/\/www.fluxguide.com\/wp-content\/uploads\/pexels-andrea-piacquadio-3820065-scaled.jpg\",\"datePublished\":\"2024-04-26T07:36:33+00:00\",\"dateModified\":\"2026-01-13T16:48:43+00:00\",\"description\":\"App f\u00fcr junge Eltern: Alle Infos zu Beh\u00f6rdeng\u00e4ngen, pers\u00f6nliches Profil, automatische Empfehlungen, Elterndiplom und Terminkalender.\",\"breadcrumb\":{\"@id\":\"https:\/\/www.fluxguide.com\/en\/projekte\/elternstart\/#breadcrumb\"},\"inLanguage\":\"en-US\",\"potentialAction\":[{\"@type\":\"ReadAction\",\"target\":[[\"https:\/\/www.fluxguide.com\/en\/projekte\/elternstart\/\"]]}]},{\"@type\":\"ImageObject\",\"inLanguage\":\"en-US\",\"@id\":\"https:\/\/www.fluxguide.com\/en\/projekte\/elternstart\/#primaryimage\",\"url\":\"https:\/\/www.fluxguide.com\/wp-content\/uploads\/pexels-andrea-piacquadio-3820065-scaled.jpg\",\"contentUrl\":\"https:\/\/www.fluxguide.com\/wp-content\/uploads\/pexels-andrea-piacquadio-3820065-scaled.jpg\",\"width\":2560,\"height\":1707},{\"@type\":\"BreadcrumbList\",\"@id\":\"https:\/\/www.fluxguide.com\/en\/projekte\/elternstart\/#breadcrumb\",\"itemListElement\":[{\"@type\":\"ListItem\",\"position\":1,\"name\":\"Startseite\",\"item\":\"https:\/\/www.fluxguide.com\/en\/\"},{\"@type\":\"ListItem\",\"position\":2,\"name\":\"Projekte\",\"item\":\"https:\/\/www.fluxguide.com\/en\/projekte\/\"},{\"@type\":\"ListItem\",\"position\":3,\"name\":\"ElternStart!\"}]},{\"@type\":\"WebSite\",\"@id\":\"https:\/\/www.fluxguide.com\/en\/#website\",\"url\":\"https:\/\/www.fluxguide.com\/en\/\",\"name\":\"Fluxguide\",\"description\":\"Ausstellungssysteme\",\"publisher\":{\"@id\":\"https:\/\/www.fluxguide.com\/en\/#organization\"},\"potentialAction\":[{\"@type\":\"SearchAction\",\"target\":{\"@type\":\"EntryPoint\",\"urlTemplate\":\"https:\/\/www.fluxguide.com\/en\/?s={search_term_string}\"},\"query-input\":{\"@type\":\"PropertyValueSpecification\",\"valueRequired\":true,\"valueName\":\"search_term_string\"}}],\"inLanguage\":\"en-US\"},{\"@type\":\"Organization\",\"@id\":\"https:\/\/www.fluxguide.com\/en\/#organization\",\"name\":\"Fluxguide\",\"url\":\"https:\/\/www.fluxguide.com\/en\/\",\"logo\":{\"@type\":\"ImageObject\",\"inLanguage\":\"en-US\",\"@id\":\"https:\/\/www.fluxguide.com\/en\/#\/schema\/logo\/image\/\",\"url\":\"https:\/\/www.fluxguide.com\/wp-content\/uploads\/logo.svg\",\"contentUrl\":\"https:\/\/www.fluxguide.com\/wp-content\/uploads\/logo.svg\",\"width\":\"1024\",\"height\":\"1024\",\"caption\":\"Fluxguide\"},\"image\":{\"@id\":\"https:\/\/www.fluxguide.com\/en\/#\/schema\/logo\/image\/\"},\"sameAs\":[\"https:\/\/www.facebook.com\/fluxguide\",\"https:\/\/x.com\/fluxguide\",\"https:\/\/www.instagram.com\/fluxguide_vienna\/\",\"https:\/\/www.youtube.com\/channel\/UC8Vx1uEhbaC_-LCl0tTBTOw\",\"https:\/\/www.linkedin.com\/company\/fluxguide\/\"]}]}<\/script>\n<!-- \/ Yoast SEO plugin. -->","yoast_head_json":{"title":"ElternStart! &#8212; Fluxguide","description":"App f\u00fcr junge Eltern: Alle Infos zu Beh\u00f6rdeng\u00e4ngen, pers\u00f6nliches Profil, automatische Empfehlungen, Elterndiplom und Terminkalender.","robots":{"index":"index","follow":"follow","max-snippet":"max-snippet:-1","max-image-preview":"max-image-preview:large","max-video-preview":"max-video-preview:-1"},"canonical":"https:\/\/www.fluxguide.com\/en\/projekte\/elternstart\/","og_locale":"en_US","og_type":"article","og_title":"ElternStart! &#8212; Fluxguide","og_description":"App f\u00fcr junge Eltern: Alle Infos zu Beh\u00f6rdeng\u00e4ngen, pers\u00f6nliches Profil, automatische Empfehlungen, Elterndiplom und Terminkalender.","og_url":"https:\/\/www.fluxguide.com\/en\/projekte\/elternstart\/","og_site_name":"Fluxguide","article_publisher":"https:\/\/www.facebook.com\/fluxguide","article_modified_time":"2026-01-13T16:48:43+00:00","og_image":[{"width":2560,"height":1707,"url":"https:\/\/www.fluxguide.com\/wp-content\/uploads\/pexels-andrea-piacquadio-3820065-scaled.jpg","type":"image\/jpeg"}],"twitter_card":"summary_large_image","twitter_site":"@fluxguide","schema":{"@context":"https:\/\/schema.org","@graph":[{"@type":"WebPage","@id":"https:\/\/www.fluxguide.com\/en\/projekte\/elternstart\/","url":"https:\/\/www.fluxguide.com\/en\/projekte\/elternstart\/","name":"ElternStart! &#8212; Fluxguide","isPartOf":{"@id":"https:\/\/www.fluxguide.com\/en\/#website"},"primaryImageOfPage":{"@id":"https:\/\/www.fluxguide.com\/en\/projekte\/elternstart\/#primaryimage"},"image":{"@id":"https:\/\/www.fluxguide.com\/projekte\/elternstart\/#primaryimage"},"thumbnailUrl":"https:\/\/www.fluxguide.com\/wp-content\/uploads\/pexels-andrea-piacquadio-3820065-scaled.jpg","datePublished":"2024-04-26T07:36:33+00:00","dateModified":"2026-01-13T16:48:43+00:00","description":"App f\u00fcr junge Eltern: Alle Infos zu Beh\u00f6rdeng\u00e4ngen, pers\u00f6nliches Profil, automatische Empfehlungen, Elterndiplom und Terminkalender.","breadcrumb":{"@id":"https:\/\/www.fluxguide.com\/en\/projekte\/elternstart\/#breadcrumb"},"inLanguage":"en-US","potentialAction":[{"@type":"ReadAction","target":[["https:\/\/www.fluxguide.com\/en\/projekte\/elternstart\/"]]}]},{"@type":"ImageObject","inLanguage":"en-US","@id":"https:\/\/www.fluxguide.com\/en\/projekte\/elternstart\/#primaryimage","url":"https:\/\/www.fluxguide.com\/wp-content\/uploads\/pexels-andrea-piacquadio-3820065-scaled.jpg","contentUrl":"https:\/\/www.fluxguide.com\/wp-content\/uploads\/pexels-andrea-piacquadio-3820065-scaled.jpg","width":2560,"height":1707},{"@type":"BreadcrumbList","@id":"https:\/\/www.fluxguide.com\/en\/projekte\/elternstart\/#breadcrumb","itemListElement":[{"@type":"ListItem","position":1,"name":"Startseite","item":"https:\/\/www.fluxguide.com\/en\/"},{"@type":"ListItem","position":2,"name":"Projekte","item":"https:\/\/www.fluxguide.com\/en\/projekte\/"},{"@type":"ListItem","position":3,"name":"ElternStart!"}]},{"@type":"WebSite","@id":"https:\/\/www.fluxguide.com\/en\/#website","url":"https:\/\/www.fluxguide.com\/en\/","name":"Fluxguide","description":"Ausstellungssysteme","publisher":{"@id":"https:\/\/www.fluxguide.com\/en\/#organization"},"potentialAction":[{"@type":"SearchAction","target":{"@type":"EntryPoint","urlTemplate":"https:\/\/www.fluxguide.com\/en\/?s={search_term_string}"},"query-input":{"@type":"PropertyValueSpecification","valueRequired":true,"valueName":"search_term_string"}}],"inLanguage":"en-US"},{"@type":"Organization","@id":"https:\/\/www.fluxguide.com\/en\/#organization","name":"Fluxguide","url":"https:\/\/www.fluxguide.com\/en\/","logo":{"@type":"ImageObject","inLanguage":"en-US","@id":"https:\/\/www.fluxguide.com\/en\/#\/schema\/logo\/image\/","url":"https:\/\/www.fluxguide.com\/wp-content\/uploads\/logo.svg","contentUrl":"https:\/\/www.fluxguide.com\/wp-content\/uploads\/logo.svg","width":"1024","height":"1024","caption":"Fluxguide"},"image":{"@id":"https:\/\/www.fluxguide.com\/en\/#\/schema\/logo\/image\/"},"sameAs":["https:\/\/www.facebook.com\/fluxguide","https:\/\/x.com\/fluxguide","https:\/\/www.instagram.com\/fluxguide_vienna\/","https:\/\/www.youtube.com\/channel\/UC8Vx1uEhbaC_-LCl0tTBTOw","https:\/\/www.linkedin.com\/company\/fluxguide\/"]}]}},"_links":{"self":[{"href":"https:\/\/www.fluxguide.com\/en\/wp-json\/wp\/v2\/pages\/3310","targetHints":{"allow":["GET"]}}],"collection":[{"href":"https:\/\/www.fluxguide.com\/en\/wp-json\/wp\/v2\/pages"}],"about":[{"href":"https:\/\/www.fluxguide.com\/en\/wp-json\/wp\/v2\/types\/page"}],"author":[{"embeddable":true,"href":"https:\/\/www.fluxguide.com\/en\/wp-json\/wp\/v2\/users\/3"}],"replies":[{"embeddable":true,"href":"https:\/\/www.fluxguide.com\/en\/wp-json\/wp\/v2\/comments?post=3310"}],"version-history":[{"count":46,"href":"https:\/\/www.fluxguide.com\/en\/wp-json\/wp\/v2\/pages\/3310\/revisions"}],"predecessor-version":[{"id":7557,"href":"https:\/\/www.fluxguide.com\/en\/wp-json\/wp\/v2\/pages\/3310\/revisions\/7557"}],"up":[{"embeddable":true,"href":"https:\/\/www.fluxguide.com\/en\/wp-json\/wp\/v2\/pages\/7"}],"wp:featuredmedia":[{"embeddable":true,"href":"https:\/\/www.fluxguide.com\/en\/wp-json\/wp\/v2\/media\/3313"}],"wp:attachment":[{"href":"https:\/\/www.fluxguide.com\/en\/wp-json\/wp\/v2\/media?parent=3310"}],"wp:term":[{"taxonomy":"category","embeddable":true,"href":"https:\/\/www.fluxguide.com\/en\/wp-json\/wp\/v2\/categories?post=3310"},{"taxonomy":"post_tag","embeddable":true,"href":"https:\/\/www.fluxguide.com\/en\/wp-json\/wp\/v2\/tags?post=3310"}],"curies":[{"name":"wp","href":"https:\/\/api.w.org\/{rel}","templated":true}]}}